{"id":103,"date":"2017-09-15T15:05:29","date_gmt":"2017-09-15T15:05:29","guid":{"rendered":"https:\/\/kenoelreydelcorderoalpalo.cl\/?page_id=103"},"modified":"2024-11-27T01:43:21","modified_gmt":"2024-11-27T00:43:21","slug":"services-pages","status":"publish","type":"page","link":"https:\/\/kenoelreydelcorderoalpalo.cl\/index.php\/services-pages\/","title":{"rendered":"Servicios"},"content":{"rendered":"<div class=\"wpb-content-wrapper\"><p>[vc_row][vc_column icons_position=\u00bbleft\u00bb][vc_empty_space alter_height=\u00bbmedium\u00bb hide_on_desktop=\u00bb\u00bb hide_on_notebook=\u00bb\u00bb hide_on_tablet=\u00bb\u00bb hide_on_mobile=\u00bb\u00bb css=\u00bb.vc_custom_1600071342904{margin-top: -0.5rem !important;}\u00bb][vc_empty_space alter_height=\u00bbmedium\u00bb hide_on_desktop=\u00bb\u00bb hide_on_notebook=\u00bb\u00bb hide_on_tablet=\u00bb1&#8243; hide_on_mobile=\u00bb1&#8243; css=\u00bb.vc_custom_1600071350521{margin-top: -0.5rem !important;}\u00bb]<div id=\"sc_services_2051460161\" class=\"sc_services color_style_default sc_services_default sc_services_featured_top\"><h3 class=\"sc_item_title sc_services_title sc_align_center sc_item_title_style_default\">Nuestros Servicios<\/h3><div class=\"sc_item_descr sc_services_descr sc_align_center\"><p>En Keno, el Rey del Cordero al Palo, ofrecemos una amplia selecci\u00f3n de carnes premium, preparadas con t\u00e9cnicas tradicionales que resaltan su sabor aut\u00e9ntico y calidad superior. Para complementar nuestras carnes y crear una experiencia completa, ofrecemos una selecci\u00f3n de acompa\u00f1amientos frescos, coloridos y llenos de sabor. Sabemos que cada evento es una experiencia \u00fanica, y por eso ofrecemos una variedad de servicios de animaci\u00f3n que crean el ambiente ideal para cualquier celebraci\u00f3n.<\/p>\n<\/div><div class=\"sc_services_columns_wrap sc_item_columns sc_item_columns_3 trx_addons_columns_wrap columns_padding_bottom\"><div class=\"trx_addons_column-1_3\"><div class=\"sc_services_item with_content with_image sc_services_item_featured_top\">\n\t<div class=\"post_featured with_thumb hover_dots sc_services_item_thumb\"><img loading=\"lazy\" decoding=\"async\" width=\"370\" height=\"343\" src=\"https:\/\/kenoelreydelcorderoalpalo.cl\/wp-content\/uploads\/2024\/10\/IMG_7218-370x343.jpg\" class=\"attachment-alanzo-thumb-services size-alanzo-thumb-services wp-post-image\" alt=\"\" \/><div class=\"mask\"><\/div><a href=\"https:\/\/kenoelreydelcorderoalpalo.cl\/index.php\/services\/servicio-de-asado-premium\/\" aria-hidden=\"true\" class=\"icons\"><span><\/span><span><\/span><span><\/span><\/a><\/div>\t\n\t<div class=\"sc_services_item_info\">\n\t\t<div class=\"sc_services_item_header\">\n\t\t\t<h4 class=\"sc_services_item_title\"><a href=\"https:\/\/kenoelreydelcorderoalpalo.cl\/index.php\/services\/servicio-de-asado-premium\/\">Servicio de Asado Premium<\/a><\/h4>\n\t\t\t<div class=\"sc_services_item_subtitle\"><a href=\"https:\/\/kenoelreydelcorderoalpalo.cl\/index.php\/services_group\/services\/\" title=\"View all posts in Services\">Services<\/a><\/div>\n\t\t<\/div>\n\t\t\t\t\t<div class=\"sc_services_item_content\"><p>En Keno, el Rey del Cordero al Palo, ofrecemos una amplia selecci\u00f3n de carnes premium.<\/p>\n<\/div>\n\t\t        <div class=\"sc_services_item_button sc_item_button\"><a href=\"https:\/\/kenoelreydelcorderoalpalo.cl\/index.php\/services\/servicio-de-asado-premium\/\" class=\"sc_button sc_button_size_small\">More Info<\/a><\/div>\n    <\/div>\n<\/div>\n<\/div><div class=\"trx_addons_column-1_3\"><div class=\"sc_services_item with_content with_image sc_services_item_featured_top\">\n\t<div class=\"post_featured with_thumb hover_dots sc_services_item_thumb\"><img loading=\"lazy\" decoding=\"async\" width=\"370\" height=\"343\" src=\"https:\/\/kenoelreydelcorderoalpalo.cl\/wp-content\/uploads\/2024\/10\/IMG_4393-370x343.jpg\" class=\"attachment-alanzo-thumb-services size-alanzo-thumb-services wp-post-image\" alt=\"\" \/><div class=\"mask\"><\/div><a href=\"https:\/\/kenoelreydelcorderoalpalo.cl\/index.php\/services\/acompanamientos-y-extras\/\" aria-hidden=\"true\" class=\"icons\"><span><\/span><span><\/span><span><\/span><\/a><\/div>\t\n\t<div class=\"sc_services_item_info\">\n\t\t<div class=\"sc_services_item_header\">\n\t\t\t<h4 class=\"sc_services_item_title\"><a href=\"https:\/\/kenoelreydelcorderoalpalo.cl\/index.php\/services\/acompanamientos-y-extras\/\">Acompa\u00f1amientos y Extras<\/a><\/h4>\n\t\t\t<div class=\"sc_services_item_subtitle\"><a href=\"https:\/\/kenoelreydelcorderoalpalo.cl\/index.php\/services_group\/services\/\" title=\"View all posts in Services\">Services<\/a><\/div>\n\t\t<\/div>\n\t\t\t\t\t<div class=\"sc_services_item_content\"><p>Para complementar nuestras carnes y crear una experiencia completa, ofrecemos una selecci\u00f3n de acompa\u00f1amientos frescos, coloridos y llenos de sabor.<\/p>\n<\/div>\n\t\t        <div class=\"sc_services_item_button sc_item_button\"><a href=\"https:\/\/kenoelreydelcorderoalpalo.cl\/index.php\/services\/acompanamientos-y-extras\/\" class=\"sc_button sc_button_size_small\">More Info<\/a><\/div>\n    <\/div>\n<\/div>\n<\/div><div class=\"trx_addons_column-1_3\"><div class=\"sc_services_item with_content with_image sc_services_item_featured_top\">\n\t<div class=\"post_featured with_thumb hover_dots sc_services_item_thumb\"><img loading=\"lazy\" decoding=\"async\" width=\"370\" height=\"343\" src=\"https:\/\/kenoelreydelcorderoalpalo.cl\/wp-content\/uploads\/2024\/10\/IMG_5073-370x343.jpg\" class=\"attachment-alanzo-thumb-services size-alanzo-thumb-services wp-post-image\" alt=\"\" \/><div class=\"mask\"><\/div><a href=\"https:\/\/kenoelreydelcorderoalpalo.cl\/index.php\/services\/animacion\/\" aria-hidden=\"true\" class=\"icons\"><span><\/span><span><\/span><span><\/span><\/a><\/div>\t\n\t<div class=\"sc_services_item_info\">\n\t\t<div class=\"sc_services_item_header\">\n\t\t\t<h4 class=\"sc_services_item_title\"><a href=\"https:\/\/kenoelreydelcorderoalpalo.cl\/index.php\/services\/animacion\/\">Animaci\u00f3n<\/a><\/h4>\n\t\t\t<div class=\"sc_services_item_subtitle\"><a href=\"https:\/\/kenoelreydelcorderoalpalo.cl\/index.php\/services_group\/services\/\" title=\"View all posts in Services\">Services<\/a><\/div>\n\t\t<\/div>\n\t\t\t\t\t<div class=\"sc_services_item_content\"><p>Sabemos que cada evento es una experiencia \u00fanica, y por eso ofrecemos una variedad de servicios de animaci\u00f3n que crean el ambiente ideal para cualquier celebraci\u00f3n.<\/p>\n<\/div>\n\t\t        <div class=\"sc_services_item_button sc_item_button\"><a href=\"https:\/\/kenoelreydelcorderoalpalo.cl\/index.php\/services\/animacion\/\" class=\"sc_button sc_button_size_small\">More Info<\/a><\/div>\n    <\/div>\n<\/div>\n<\/div><div class=\"trx_addons_column-1_3\"><div class=\"sc_services_item with_content with_image sc_services_item_featured_top\">\n\t<div class=\"post_featured with_thumb hover_dots sc_services_item_thumb\"><img loading=\"lazy\" decoding=\"async\" width=\"370\" height=\"343\" src=\"https:\/\/kenoelreydelcorderoalpalo.cl\/wp-content\/uploads\/2024\/10\/IMG_5370-370x343.jpg\" class=\"attachment-alanzo-thumb-services size-alanzo-thumb-services wp-post-image\" alt=\"\" \/><div class=\"mask\"><\/div><a href=\"https:\/\/kenoelreydelcorderoalpalo.cl\/index.php\/services\/arriendo-de-vajilla-y-mobiliario\/\" aria-hidden=\"true\" class=\"icons\"><span><\/span><span><\/span><span><\/span><\/a><\/div>\t\n\t<div class=\"sc_services_item_info\">\n\t\t<div class=\"sc_services_item_header\">\n\t\t\t<h4 class=\"sc_services_item_title\"><a href=\"https:\/\/kenoelreydelcorderoalpalo.cl\/index.php\/services\/arriendo-de-vajilla-y-mobiliario\/\">Arriendo de Vajilla y Mobiliario<\/a><\/h4>\n\t\t\t<div class=\"sc_services_item_subtitle\"><a href=\"https:\/\/kenoelreydelcorderoalpalo.cl\/index.php\/services_group\/services\/\" title=\"View all posts in Services\">Services<\/a><\/div>\n\t\t<\/div>\n\t\t\t\t\t<div class=\"sc_services_item_content\"><p>Queremos que tu evento est\u00e9 completamente equipado y sea perfecto en cada detalle.<\/p>\n<\/div>\n\t\t        <div class=\"sc_services_item_button sc_item_button\"><a href=\"https:\/\/kenoelreydelcorderoalpalo.cl\/index.php\/services\/arriendo-de-vajilla-y-mobiliario\/\" class=\"sc_button sc_button_size_small\">More Info<\/a><\/div>\n    <\/div>\n<\/div>\n<\/div><\/div><\/div><!-- \/.sc_services -->[vc_empty_space alter_height=\u00bbmedium\u00bb hide_on_desktop=\u00bb\u00bb hide_on_notebook=\u00bb\u00bb hide_on_tablet=\u00bb\u00bb hide_on_mobile=\u00bb\u00bb css=\u00bb.vc_custom_1600071356264{margin-top: -0.35rem !important;}\u00bb][\/vc_column][\/vc_row][vc_row full_width=\u00bbstretch_row_content_no_spaces\u00bb equal_height=\u00bbyes\u00bb content_placement=\u00bbmiddle\u00bb hide_bg_image_on_tablet=\u00bb\u00bb hide_bg_image_on_mobile=\u00bb\u00bb el_class=\u00bbmap_custom_section\u00bb][vc_column width=\u00bb2\/3&#8243; hide_bg_image_on_tablet=\u00bb\u00bb hide_bg_image_on_mobile=\u00bb\u00bb icons_position=\u00bbleft\u00bb css=\u00bb.vc_custom_1515592395267{border-top-width: 0px !important;border-right-width: 3px !important;border-bottom-width: 5px !important;border-left-width: 5px !important;background-image: url(https:\/\/kenoelreydelcorderoalpalo.cl\/wp-content\/uploads\/2017\/09\/bg-10.jpg?id=359) !important;background-position: top left !important;background-repeat: no-repeat !important;background-size: cover !important;border-left-color: #f2ece1 !important;border-left-style: solid !important;border-right-color: #f2ece1 !important;border-right-style: solid !important;border-top-color: #f2ece1 !important;border-top-style: solid !important;border-bottom-color: #f2ece1 !important;border-bottom-style: solid !important;}\u00bb]<div id=\"sc_content_1314390064\"\n\t\tclass=\"sc_content color_style_default sc_content_default sc_content_width_2_3 sc_float_right\"><div class=\"sc_content_container\"><div id=\"sc_content_1722072200\"\n\t\tclass=\"sc_content color_style_default color_style_default scheme_dark sc_content_default sc_content_width_1_2 sc_float_left\"><div class=\"sc_content_container\">[vc_empty_space alter_height=\u00bbmedium\u00bb hide_on_desktop=\u00bb1&#8243; hide_on_notebook=\u00bb1&#8243; hide_on_tablet=\u00bb1&#8243; hide_on_mobile=\u00bb\u00bb]<div id=\"sc_title_2079232299\"\n\t\tclass=\"sc_title color_style_default sc_title_default\"><h3 class=\"sc_item_title sc_title_title sc_align_left sc_item_title_style_default\">Cont\u00e1ctanos<\/h3><\/div><!-- \/.sc_title -->[vc_empty_space height=\u00bb15px\u00bb alter_height=\u00bbnone\u00bb hide_on_desktop=\u00bb\u00bb hide_on_notebook=\u00bb\u00bb hide_on_tablet=\u00bb\u00bb hide_on_mobile=\u00bb\u00bb]\n<div class=\"wpcf7 no-js\" id=\"wpcf7-f707-o1\" lang=\"en-US\" dir=\"ltr\" data-wpcf7-id=\"707\">\n<div class=\"screen-reader-response\"><p role=\"status\" aria-live=\"polite\" aria-atomic=\"true\"><\/p> <ul><\/ul><\/div>\n<form action=\"\/index.php\/wp-json\/wp\/v2\/pages\/103#wpcf7-f707-o1\" method=\"post\" class=\"wpcf7-form init\" aria-label=\"Contact form\" novalidate=\"novalidate\" data-status=\"init\">\n<div style=\"display: none;\">\n<input type=\"hidden\" name=\"_wpcf7\" value=\"707\" \/>\n<input type=\"hidden\" name=\"_wpcf7_version\" value=\"6.0.2\" \/>\n<input type=\"hidden\" name=\"_wpcf7_locale\" value=\"en_US\" \/>\n<input type=\"hidden\" name=\"_wpcf7_unit_tag\" value=\"wpcf7-f707-o1\" \/>\n<input type=\"hidden\" name=\"_wpcf7_container_post\" value=\"0\" \/>\n<input type=\"hidden\" name=\"_wpcf7_posted_data_hash\" value=\"\" \/>\n<\/div>\n<div class=\"sc_form_details trx_addons_columns_wrap\">\n\t<div class=\"trx_addons_column-1_2\">\n\t\t<p><label class=\"wpcf7-validates-as-required\"><span class=\"wpcf7-form-control-wrap\" data-name=\"first-name\"><input size=\"40\" maxlength=\"400\" class=\"wpcf7-form-control wpcf7-text wpcf7-validates-as-required\" aria-required=\"true\" aria-invalid=\"false\" placeholder=\"Nombre*\" value=\"\" type=\"text\" name=\"first-name\" \/><\/span><\/label>\n\t\t<\/p>\n\t<\/div>\n\t<div class=\"trx_addons_column-1_2\">\n\t\t<p><label class=\"wpcf7-validates-as-required\"><span class=\"wpcf7-form-control-wrap\" data-name=\"last-name\"><input size=\"40\" maxlength=\"400\" class=\"wpcf7-form-control wpcf7-text wpcf7-validates-as-required\" aria-required=\"true\" aria-invalid=\"false\" placeholder=\"Apellido*\" value=\"\" type=\"text\" name=\"last-name\" \/><\/span><\/label>\n\t\t<\/p>\n\t<\/div>\n\t<div class=\"trx_addons_column-1_2\">\n\t\t<p><label class=\"wpcf7-validates-as-required\"><span class=\"wpcf7-form-control-wrap\" data-name=\"phone\"><input size=\"40\" maxlength=\"400\" class=\"wpcf7-form-control wpcf7-tel wpcf7-validates-as-required wpcf7-text wpcf7-validates-as-tel\" aria-required=\"true\" aria-invalid=\"false\" placeholder=\"Tel\u00e9fono*\" value=\"\" type=\"tel\" name=\"phone\" \/><\/span><\/label>\n\t\t<\/p>\n\t<\/div>\n\t<div class=\"trx_addons_column-1_2\">\n\t\t<p><label class=\"wpcf7-validates-as-required\"><span class=\"wpcf7-form-control-wrap\" data-name=\"email\"><input size=\"40\" maxlength=\"400\" class=\"wpcf7-form-control wpcf7-email wpcf7-validates-as-required wpcf7-text wpcf7-validates-as-email\" aria-required=\"true\" aria-invalid=\"false\" placeholder=\"E-mail*\" value=\"\" type=\"email\" name=\"email\" \/><\/span><\/label>\n\t\t<\/p>\n\t<\/div>\n\t<div class=\"trx_addons_column-1\">\n\t\t<p><span class=\"wpcf7-form-control-wrap\" data-name=\"your-message\"><textarea cols=\"40\" rows=\"4\" maxlength=\"2000\" class=\"wpcf7-form-control wpcf7-textarea wpcf7-validates-as-required\" aria-required=\"true\" aria-invalid=\"false\" placeholder=\"Mensaje*\" name=\"your-message\"><\/textarea><\/span>\n\t\t<\/p>\n\t<\/div>\n<\/div>\n<div class=\"sc_form_field_checkbox\">\n\t<p><span class=\"wpcf7-form-control-wrap\" data-name=\"acceptance-334\"><span class=\"wpcf7-form-control wpcf7-acceptance\"><span class=\"wpcf7-list-item\"><label><input type=\"checkbox\" name=\"acceptance-334\" value=\"1\" aria-invalid=\"false\" \/><span class=\"wpcf7-list-item-label\">He le\u00eddo y aceptado los T\u00e9rminos, Condiciones y <a href=\"\/privacy-policy\/\">Privacy Policy<\/a>.<\/span><\/label><\/span><\/span><\/span>\n\t<\/p>\n<\/div>\n<div class=\"form-submit\">\n\t<p><input class=\"wpcf7-form-control wpcf7-submit has-spinner sc_button sc_button_size_normal color_style_link2 sc_button_bordered\" type=\"submit\" value=\"Enviar\" \/>\n\t<\/p>\n<\/div><p style=\"display: none !important;\" class=\"akismet-fields-container\" data-prefix=\"_wpcf7_ak_\"><label>&#916;<textarea name=\"_wpcf7_ak_hp_textarea\" cols=\"45\" rows=\"8\" maxlength=\"100\"><\/textarea><\/label><input type=\"hidden\" id=\"ak_js_1\" name=\"_wpcf7_ak_js\" value=\"246\"\/><script>document.getElementById( \"ak_js_1\" ).setAttribute( \"value\", ( new Date() ).getTime() );<\/script><\/p><div class=\"wpcf7-response-output\" aria-hidden=\"true\"><\/div>\n<\/form>\n<\/div>\n[vc_empty_space alter_height=\u00bbmedium\u00bb hide_on_desktop=\u00bb1&#8243; hide_on_notebook=\u00bb1&#8243; hide_on_tablet=\u00bb1&#8243; hide_on_mobile=\u00bb\u00bb]<\/div><\/div><!-- \/.sc_content --><\/div><\/div><!-- \/.sc_content -->[\/vc_column][vc_column width=\u00bb1\/3&#8243; hide_bg_image_on_tablet=\u00bb\u00bb hide_bg_image_on_mobile=\u00bb\u00bb icons_position=\u00bbleft\u00bb css=\u00bb.vc_custom_1515592300764{border-top-width: 0px !important;border-right-width: 5px !important;border-bottom-width: 5px !important;border-left-width: 2px !important;border-left-color: #f2ece1 !important;border-left-style: solid !important;border-right-color: #f2ece1 !important;border-right-style: solid !important;border-top-color: #f2ece1 !important;border-top-style: solid !important;border-bottom-color: #f2ece1 !important;border-bottom-style: solid !important;}\u00bb]<div id=\"sc_googlemap_1172684233_wrap\" class=\"sc_googlemap_wrap\"><div id=\"sc_googlemap_1172684233\"\n\t\t\tclass=\"sc_googlemap sc_googlemap_default\"\n\t\t\t style=\"width:100%;height:769px;\"\t\t\tdata-zoom=\"16\"\n\t\t\tdata-style=\"dark\"\n\t\t\tdata-cluster-icon=\"\"\n\n\n\t\t\t><iframe\n\t\t\t\t\tsrc=\"https:\/\/maps.google.com\/maps?t=m&output=embed&iwloc=near&z=16&q=San+Antonio+chile\"\n\t\t\t\t\tscrolling=\"no\"\n\t\t\t\t\tmarginheight=\"0\"\n\t\t\t\t\tmarginwidth=\"0\"\n\t\t\t\t\tframeborder=\"0\"\n\t\t\t\t\taria-label=\"One\"><\/iframe><\/div><\/div><!-- \/.sc_googlemap_wrap -->[\/vc_column][\/vc_row]<\/p>\n<\/div>","protected":false},"excerpt":{"rendered":"<p>[vc_row][vc_column icons_position=\u00bbleft\u00bb][vc_empty_space alter_height=\u00bbmedium\u00bb hide_on_desktop=\u00bb\u00bb hide_on_notebook=\u00bb\u00bb hide_on_tablet=\u00bb\u00bb hide_on_mobile=\u00bb\u00bb css=\u00bb.vc_custom_1600071342904{margin-top: -0.5rem !important;}\u00bb][vc_empty_space alter_height=\u00bbmedium\u00bb hide_on_desktop=\u00bb\u00bb hide_on_notebook=\u00bb\u00bb hide_on_tablet=\u00bb1&#8243; hide_on_mobile=\u00bb1&#8243; css=\u00bb.vc_custom_1600071350521{margin-top: -0.5rem !important;}\u00bb][vc_empty_space alter_height=\u00bbmedium\u00bb hide_on_desktop=\u00bb\u00bb hide_on_notebook=\u00bb\u00bb hide_on_tablet=\u00bb\u00bb hide_on_mobile=\u00bb\u00bb css=\u00bb.vc_custom_1600071356264{margin-top: -0.35rem !important;}\u00bb][\/vc_column][\/vc_row][vc_row full_width=\u00bbstretch_row_content_no_spaces\u00bb equal_height=\u00bbyes\u00bb content_placement=\u00bbmiddle\u00bb hide_bg_image_on_tablet=\u00bb\u00bb hide_bg_image_on_mobile=\u00bb\u00bb el_class=\u00bbmap_custom_section\u00bb][vc_column width=\u00bb2\/3&#8243; hide_bg_image_on_tablet=\u00bb\u00bb hide_bg_image_on_mobile=\u00bb\u00bb icons_position=\u00bbleft\u00bb css=\u00bb.vc_custom_1515592395267{border-top-width: 0px !important;border-right-width: 3px !important;border-bottom-width: 5px !important;border-left-width: 5px !important;background-image:&hellip;<\/p>\n","protected":false},"author":1,"featured_media":0,"parent":0,"menu_order":0,"comment_status":"closed","ping_status":"closed","template":"","meta":{"footnotes":""},"class_list":["post-103","page","type-page","status-publish","hentry"],"_links":{"self":[{"href":"https:\/\/kenoelreydelcorderoalpalo.cl\/index.php\/wp-json\/wp\/v2\/pages\/103","targetHints":{"allow":["GET"]}}],"collection":[{"href":"https:\/\/kenoelreydelcorderoalpalo.cl\/index.php\/wp-json\/wp\/v2\/pages"}],"about":[{"href":"https:\/\/kenoelreydelcorderoalpalo.cl\/index.php\/wp-json\/wp\/v2\/types\/page"}],"author":[{"embeddable":true,"href":"https:\/\/kenoelreydelcorderoalpalo.cl\/index.php\/wp-json\/wp\/v2\/users\/1"}],"replies":[{"embeddable":true,"href":"https:\/\/kenoelreydelcorderoalpalo.cl\/index.php\/wp-json\/wp\/v2\/comments?post=103"}],"version-history":[{"count":4,"href":"https:\/\/kenoelreydelcorderoalpalo.cl\/index.php\/wp-json\/wp\/v2\/pages\/103\/revisions"}],"predecessor-version":[{"id":1030,"href":"https:\/\/kenoelreydelcorderoalpalo.cl\/index.php\/wp-json\/wp\/v2\/pages\/103\/revisions\/1030"}],"wp:attachment":[{"href":"https:\/\/kenoelreydelcorderoalpalo.cl\/index.php\/wp-json\/wp\/v2\/media?parent=103"}],"curies":[{"name":"wp","href":"https:\/\/api.w.org\/{rel}","templated":true}]}}